{"id":11878,"date":"2016-08-25T10:25:34","date_gmt":"2016-08-25T08:25:34","guid":{"rendered":"https:\/\/web.ion.ag\/?page_id=11878"},"modified":"2023-03-28T14:07:28","modified_gmt":"2023-03-28T12:07:28","slug":"dienstleistungen","status":"publish","type":"page","link":"https:\/\/www.ion.ag\/?page_id=11878","title":{"rendered":"Dienstleistungen"},"content":{"rendered":"<p><div class=\"fusion-bg-parallax\" data-bg-align=\"left bottom\" data-direction=\"up\" data-mute=\"false\" data-opacity=\"100\" data-velocity=\"-0.3\" data-mobile-enabled=\"false\" data-break_parents=\"0\" data-bg-image=\"https:\/\/web.ion.ag\/wp-content\/uploads\/2016\/08\/Wolken-300x119.jpg\" data-bg-repeat=\"false\" data-bg-color=\"#ffffff\" ><\/div><div class=\"fusion-fullwidth fullwidth-box fusion-builder-row-1 fusion-parallax-up nonhundred-percent-fullwidth non-hundred-percent-height-scrolling\" style=\"background-color: #ffffff;background-image: url(&quot;https:\/\/web.ion.ag\/wp-content\/uploads\/2016\/08\/Wolken-300x119.jpg&quot;);background-position: left bottom;background-repeat: no-repeat;padding-top:0px;padding-right:0px;padding-bottom:0px;padding-left:0px;margin-bottom: 0px;margin-top: 0px;border-width: 0px 0px 0px 0px;border-color:#eae9e9;border-style:solid;-webkit-background-size:cover;-moz-background-size:cover;-o-background-size:cover;background-size:cover;\" ><div class=\"fusion-builder-row fusion-row\"><div class=\"fusion-layout-column fusion_builder_column fusion-builder-column-0 fusion_builder_column_1_1 1_1 fusion-one-full fusion-column-first fusion-column-last fusion-column-no-min-height\" style=\"margin-top:0px;margin-bottom:0px;\"><div class=\"fusion-column-wrapper fusion-flex-column-wrapper-legacy\" style=\"background-position:left top;background-repeat:no-repeat;-webkit-background-size:cover;-moz-background-size:cover;-o-background-size:cover;background-size:cover;padding: 0px 0px 0px 0px;\"><div class=\"fusion-text fusion-text-1\"><h1 style=\"text-align: center;\"><span style=\"color: #9aadbf;\"><strong><span style=\"color: #2d355b;\">Dienstleistungen<\/span><\/strong><br \/>\n<\/span><\/h1>\n<\/div><div class=\"fusion-clearfix\"><\/div><\/div><\/div><\/div><\/div><div class=\"fusion-fullwidth fullwidth-box fusion-builder-row-2 hundred-percent-fullwidth non-hundred-percent-height-scrolling\" style=\"background-color: #ffffff;background-position: center center;background-repeat: no-repeat;padding-top:0px;padding-right:0px;padding-bottom:0px;padding-left:0px;margin-bottom: 0px;margin-top: 0px;border-width: 0px 0px 0px 0px;border-color:#eae9e9;border-style:solid;\" ><div class=\"fusion-builder-row fusion-row\"><div class=\"fusion-layout-column fusion_builder_column fusion-builder-column-1 fusion_builder_column_1_1 1_1 fusion-one-full fusion-column-first fusion-column-last fusion-column-no-min-height\" style=\"margin-top:0px;margin-bottom:0px;\"><div class=\"fusion-column-wrapper fusion-flex-column-wrapper-legacy\" style=\"background-position:left top;background-repeat:no-repeat;-webkit-background-size:cover;-moz-background-size:cover;-o-background-size:cover;background-size:cover;padding: 0px 0px 0px 0px;\"><div class=\"fusion-section-separator section-separator triangle fusion-section-separator-1\"><div class=\"fusion-section-separator-svg\" style=\"border-bottom:1px solid #f6f6f6;margin-left: 0px;margin-right: 0px;\"><div class=\"divider-candy-arrow bottom\" style=\"top:0px;border-top-color: #2d355b;\"><\/div><div class=\"divider-candy bottom\" style=\"bottom:-21px;border-bottom:1px solid #f6f6f6;border-left:1px solid #f6f6f6;\"><\/div><\/div><div class=\"fusion-section-separator-spacer\"><div class=\"fusion-section-separator-spacer-height\" style=\"height:1px;\"><\/div><\/div><\/div><div class=\"fusion-sep-clear\"><\/div><div class=\"fusion-separator fusion-full-width-sep\" style=\"margin-left: auto;margin-right: auto;margin-bottom:20px;width:100%;\"><\/div><div class=\"fusion-sep-clear\"><\/div><div class=\"fusion-clearfix\"><\/div><\/div><\/div><\/div><style type=\"text\/css\">.fusion-fullwidth.fusion-builder-row-2 { overflow:visible; }<\/style><\/div><div class=\"fusion-fullwidth fullwidth-box fusion-builder-row-3 hundred-percent-fullwidth non-hundred-percent-height-scrolling\" style=\"background-color: #ffffff;background-position: right center;background-repeat: no-repeat;padding-top:0px;padding-right:0px;padding-bottom:0px;padding-left:0px;margin-bottom: 0px;margin-top: 0px;border-width: 0px 0px 0px 0px;border-color:#eae9e9;border-style:dotted;\" ><div class=\"fusion-builder-row fusion-row\"><div class=\"fusion-layout-column fusion_builder_column fusion-builder-column-2 fusion_builder_column_1_3 1_3 fusion-one-third fusion-column-first fusion-column-no-min-height\" style=\"width:30.6666%; margin-right: 4%;margin-top:25px;margin-bottom:0px;\"><div class=\"fusion-column-wrapper fusion-flex-column-wrapper-legacy fusion-empty-column-bg-image fusion-empty-dims-bg-image\" style=\"background-image: url(&#039;https:\/\/web.ion.ag\/wp-content\/uploads\/2016\/08\/P1040595-300x225.jpg&#039;);background-position:right center;background-repeat:no-repeat;-webkit-background-size:cover;-moz-background-size:cover;-o-background-size:cover;background-size:cover;padding: 200px 0px 200px 0px;\" data-bg-url=\"https:\/\/web.ion.ag\/wp-content\/uploads\/2016\/08\/P1040595-300x225.jpg\"><img decoding=\"async\" class=\"fusion-empty-dims-img-placeholder\" src=\"data:image\/gif;base64,R0lGODlhAQABAAAAACH5BAEKAAEALAAAAAABAAEAAAICTAEAOw==\"><div class=\"fusion-clearfix\"><\/div><\/div><\/div><div class=\"fusion-layout-column fusion_builder_column fusion-builder-column-3 fusion_builder_column_2_3 2_3 fusion-two-third fusion-column-last\" style=\"width:65.3333%;margin-top:20px;margin-bottom:0px;\"><div class=\"fusion-column-wrapper fusion-flex-column-wrapper-legacy\" style=\"background-position:left top;background-repeat:no-repeat;-webkit-background-size:cover;-moz-background-size:cover;-o-background-size:cover;background-size:cover;padding: 0px 0px 0px 0px;\"><style type=\"text\/css\">.fusion-accordian  #accordion-11878-1 .panel-title a .fa-fusion-box{ color: #ffffff;}.fusion-accordian  #accordion-11878-1 .panel-title a .fa-fusion-box:before{ font-size: 13px; width: 13px;}.fusion-accordian  #accordion-11878-1 .panel-title a{font-size:14px;}.fusion-accordian  #accordion-11878-1 .fa-fusion-box { background-color: #333333;border-color: #333333;}.fusion-accordian  #accordion-11878-1 .panel-title a:hover, #accordion-11878-1 .fusion-toggle-boxed-mode:hover .panel-title a { color: #2d355b;}.fusion-accordian  #accordion-11878-1 .panel-title .active .fa-fusion-box,.fusion-accordian  #accordion-11878-1 .panel-title a:hover .fa-fusion-box { background-color: #2d355b!important;border-color: #2d355b!important;}<\/style><div class=\"accordian fusion-accordian\"><div class=\"panel-group\" id=\"accordion-11878-1\"><div class=\"fusion-panel panel-default\"><div class=\"panel-heading\"><h4 class=\"panel-title toggle\"><a class=\"active\" aria-expanded=\"true\" aria-controls=\"e9f9ba566a9d1cd8c\" role=\"button\" data-toggle=\"collapse\" data-parent=\"#accordion-11878-1\" data-target=\"#e9f9ba566a9d1cd8c\" href=\"#e9f9ba566a9d1cd8c\"><span class=\"fusion-toggle-icon-wrapper\" aria-hidden=\"true\"><i class=\"fa-fusion-box\" aria-hidden=\"true\"><\/i><\/span><span class=\"fusion-toggle-heading\">Softwareentwicklung<\/span><\/a><\/h4><\/div><div id=\"e9f9ba566a9d1cd8c\" class=\"panel-collapse collapse in\"><div class=\"panel-body toggle-content fusion-clearfix\">\n<p>IOn bietet L\u00f6sungen im Umfeld der Client\/-Server-Technologie und der Internettechnologie. Unser Entwicklerteam erstellt individuelle Anwendungen auch unter Anbindung bereits bestehender Systeme. Dabei werden Applikationen f\u00fcr unterschiedliche Betriebsplattformen realisiert.<\/p>\n<p>Wir arbeiten \u00fcberwiegend mit folgenden Programmiersprachen und Techniken:<\/p>\n<p>Java, Visual C++, QT, Eclipse,\u00a0(D)HTML, XSL, Java Script.<\/p>\n<p>Web-L\u00f6sungen entwickeln wir basierend auf dem <b>Vaadin<\/b> Framework. Wir setzen Vaadin zertifizierte Entwickler ein.<\/p>\n<\/div><\/div><\/div><div class=\"fusion-panel panel-default\"><div class=\"panel-heading\"><h4 class=\"panel-title toggle\"><a aria-expanded=\"false\" aria-controls=\"efac29ea5171135bf\" role=\"button\" data-toggle=\"collapse\" data-parent=\"#accordion-11878-1\" data-target=\"#efac29ea5171135bf\" href=\"#efac29ea5171135bf\"><span class=\"fusion-toggle-icon-wrapper\" aria-hidden=\"true\"><i class=\"fa-fusion-box\" aria-hidden=\"true\"><\/i><\/span><span class=\"fusion-toggle-heading\">Datenbank-Management<\/span><\/a><\/h4><\/div><div id=\"efac29ea5171135bf\" class=\"panel-collapse collapse \"><div class=\"panel-body toggle-content fusion-clearfix\">\n<p>F\u00fcr die IOn stehen einfache Benutzbarkeit, flexible Anpassungsf\u00e4higkeit und Wirtschaftlichkeit der Datenbanksysteme im Vordergrund. Das schlie\u00dft auch die Wartung und Pflege der implementierten Anwendungen ein. Die st\u00e4ndige Optimierung technischer Abl\u00e4ufe, die Erg\u00e4nzung der Software f\u00fcr zus\u00e4tzliche Informationen sowie ein permanenter Anwendersupport erm\u00f6glichen einen reibunsglosen Umgang mit den eingesetzten IT-Technologien.<\/p>\n<p>Beim Datenbankdesign und der Administration verf\u00fcgen wir \u00fcber umfangreiches Know-how in:<\/p>\n<ul>\n<li>PostgreSQL, Oracle Databases, Informix Dynamic Server,\u00a0Max DB, MySQL, \u00a0Adabas C, Adabas D, MS SQL-Server<\/li>\n<\/ul>\n<\/div><\/div><\/div><\/div><\/div><div class=\"fusion-clearfix\"><\/div><\/div><\/div><\/div><\/div><div class=\"fusion-fullwidth fullwidth-box fusion-builder-row-4 nonhundred-percent-fullwidth non-hundred-percent-height-scrolling\" style=\"background-color: #ffffff;background-position: left top;background-repeat: no-repeat;padding-top:20px;padding-right:0px;padding-bottom:20px;padding-left:0px;margin-bottom: 0px;margin-top: 0px;border-width: 0px 0px 0px 0px;border-color:#eae9e9;border-style:solid;\" ><div class=\"fusion-builder-row fusion-row\"><\/div><\/div><\/p>\n","protected":false},"excerpt":{"rendered":"","protected":false},"author":3,"featured_media":0,"parent":0,"menu_order":0,"comment_status":"closed","ping_status":"closed","template":"100-width.php","meta":{"footnotes":""},"class_list":["post-11878","page","type-page","status-publish","hentry"],"_links":{"self":[{"href":"https:\/\/www.ion.ag\/index.php?rest_route=\/wp\/v2\/pages\/11878","targetHints":{"allow":["GET"]}}],"collection":[{"href":"https:\/\/www.ion.ag\/index.php?rest_route=\/wp\/v2\/pages"}],"about":[{"href":"https:\/\/www.ion.ag\/index.php?rest_route=\/wp\/v2\/types\/page"}],"author":[{"embeddable":true,"href":"https:\/\/www.ion.ag\/index.php?rest_route=\/wp\/v2\/users\/3"}],"replies":[{"embeddable":true,"href":"https:\/\/www.ion.ag\/index.php?rest_route=%2Fwp%2Fv2%2Fcomments&post=11878"}],"version-history":[{"count":60,"href":"https:\/\/www.ion.ag\/index.php?rest_route=\/wp\/v2\/pages\/11878\/revisions"}],"predecessor-version":[{"id":12950,"href":"https:\/\/www.ion.ag\/index.php?rest_route=\/wp\/v2\/pages\/11878\/revisions\/12950"}],"wp:attachment":[{"href":"https:\/\/www.ion.ag\/index.php?rest_route=%2Fwp%2Fv2%2Fmedia&parent=11878"}],"curies":[{"name":"wp","href":"https:\/\/api.w.org\/{rel}","templated":true}]}}