{"id":374,"date":"2016-08-24T11:38:59","date_gmt":"2016-08-24T09:38:59","guid":{"rendered":"https:\/\/web.ion.ag\/?page_id=374"},"modified":"2026-01-27T18:18:38","modified_gmt":"2026-01-27T17:18:38","slug":"ueber-uns","status":"publish","type":"page","link":"https:\/\/www.ion.ag\/?page_id=374","title":{"rendered":"\u00dcber uns"},"content":{"rendered":"<p><div class=\"fusion-bg-parallax\" data-bg-align=\"left bottom\" data-direction=\"up\" data-mute=\"false\" data-opacity=\"100\" data-velocity=\"-0.3\" data-mobile-enabled=\"false\" data-break_parents=\"0\" data-bg-image=\"https:\/\/web.ion.ag\/wp-content\/uploads\/2016\/08\/Wolken-300x119.jpg\" data-bg-repeat=\"false\" data-bg-color=\"#ffffff\" ><\/div><div class=\"fusion-fullwidth fullwidth-box fusion-builder-row-1 fusion-parallax-up hundred-percent-fullwidth non-hundred-percent-height-scrolling\" style=\"background-color: #ffffff;background-image: url(&quot;https:\/\/web.ion.ag\/wp-content\/uploads\/2016\/08\/Wolken-300x119.jpg&quot;);background-position: left bottom;background-repeat: no-repeat;padding-top:0px;padding-right:0px;padding-bottom:0px;padding-left:0px;margin-bottom: 0px;margin-top: 0px;border-width: 0px 0px 0px 0px;border-color:#eae9e9;border-style:solid;-webkit-background-size:cover;-moz-background-size:cover;-o-background-size:cover;background-size:cover;\" ><div class=\"fusion-builder-row fusion-row\"><div class=\"fusion-layout-column fusion_builder_column fusion-builder-column-0 fusion_builder_column_1_1 1_1 fusion-one-full fusion-column-first fusion-column-last fusion-column-no-min-height\" style=\"margin-top:0px;margin-bottom:0px;\"><div class=\"fusion-column-wrapper fusion-flex-column-wrapper-legacy\" style=\"background-position:left top;background-repeat:no-repeat;-webkit-background-size:cover;-moz-background-size:cover;-o-background-size:cover;background-size:cover;padding: 0px 0px 0px 0px;\"><div class=\"fusion-text fusion-text-1\"><h1 style=\"text-align: center;\"><span style=\"color: #9aadbf;\"><strong><span style=\"color: #2d355b;\">Die IOn GmbH<\/span><\/strong><br \/>\n<\/span><\/h1>\n<\/div><div class=\"fusion-clearfix\"><\/div><\/div><\/div><\/div><\/div><div class=\"fusion-fullwidth fullwidth-box fusion-builder-row-2 hundred-percent-fullwidth non-hundred-percent-height-scrolling\" style=\"background-color: #ffffff;background-position: center center;background-repeat: no-repeat;padding-top:0px;padding-right:0px;padding-bottom:0px;padding-left:0px;margin-bottom: 0px;margin-top: 0px;border-width: 0px 0px 0px 0px;border-color:#eae9e9;border-style:solid;\" ><div class=\"fusion-builder-row fusion-row\"><div class=\"fusion-layout-column fusion_builder_column fusion-builder-column-1 fusion_builder_column_1_1 1_1 fusion-one-full fusion-column-first fusion-column-last fusion-column-no-min-height\" style=\"margin-top:0px;margin-bottom:0px;\"><div class=\"fusion-column-wrapper fusion-flex-column-wrapper-legacy\" style=\"background-position:left top;background-repeat:no-repeat;-webkit-background-size:cover;-moz-background-size:cover;-o-background-size:cover;background-size:cover;padding: 0px 0px 0px 0px;\"><div class=\"fusion-section-separator section-separator triangle fusion-section-separator-1\"><div class=\"fusion-section-separator-svg\" style=\"border-bottom:1px solid #f6f6f6;margin-left: 0px;margin-right: 0px;\"><div class=\"divider-candy-arrow bottom\" style=\"top:0px;border-top-color: #2d355b;\"><\/div><div class=\"divider-candy bottom\" style=\"bottom:-21px;border-bottom:1px solid #f6f6f6;border-left:1px solid #f6f6f6;\"><\/div><\/div><div class=\"fusion-section-separator-spacer\"><div class=\"fusion-section-separator-spacer-height\" style=\"height:1px;\"><\/div><\/div><\/div><div class=\"fusion-sep-clear\"><\/div><div class=\"fusion-separator fusion-full-width-sep\" style=\"margin-left: auto;margin-right: auto;margin-bottom:20px;width:100%;\"><\/div><div class=\"fusion-sep-clear\"><\/div><div class=\"fusion-clearfix\"><\/div><\/div><\/div><\/div><\/div><div class=\"fusion-fullwidth fullwidth-box fusion-builder-row-3 hundred-percent-fullwidth non-hundred-percent-height-scrolling fusion-equal-height-columns\" style=\"background-color: #ffffff;background-position: center center;background-repeat: no-repeat;padding-top:0px;padding-right:0px;padding-bottom:0px;padding-left:0px;margin-bottom: 0px;margin-top: 0px;border-width: 0px 0px 0px 0px;border-color:#eae9e9;border-style:dotted;\" ><div class=\"fusion-builder-row fusion-row\"><div class=\"fusion-layout-column fusion_builder_column fusion-builder-column-2 fusion_builder_column_1_3 1_3 fusion-one-third fusion-column-first fusion-column-no-min-height\" style=\"width:30.6666%; margin-right: 4%;margin-top:25px;margin-bottom:0px;\"><div class=\"fusion-column-wrapper fusion-flex-column-wrapper-legacy fusion-empty-column-bg-image fusion-empty-dims-bg-image\" style=\"background-image: url(&#039;https:\/\/web.ion.ag\/wp-content\/uploads\/2016\/08\/2048-Apfelbl\u00fcte-1024x606.jpg&#039;);background-position:left center;background-repeat:no-repeat;-webkit-background-size:cover;-moz-background-size:cover;-o-background-size:cover;background-size:cover;padding: 200px 0px 200px 0px;\" data-bg-url=\"https:\/\/web.ion.ag\/wp-content\/uploads\/2016\/08\/2048-Apfelbl\u00fcte-1024x606.jpg\"><img decoding=\"async\" class=\"fusion-empty-dims-img-placeholder\" src=\"data:image\/gif;base64,R0lGODlhAQABAAAAACH5BAEKAAEALAAAAAABAAEAAAICTAEAOw==\"><div class=\"fusion-clearfix\"><\/div><\/div><\/div><div class=\"fusion-layout-column fusion_builder_column fusion-builder-column-3 fusion_builder_column_2_3 2_3 fusion-two-third fusion-column-last\" style=\"width:65.3333%;margin-top:20px;margin-bottom:0px;\"><div class=\"fusion-column-wrapper fusion-flex-column-wrapper-legacy\" style=\"background-position:left top;background-repeat:no-repeat;-webkit-background-size:cover;-moz-background-size:cover;-o-background-size:cover;background-size:cover;padding: 0px 0px 0px 5px;\"><style type=\"text\/css\">.fusion-accordian  #accordion-374-1 .panel-title a .fa-fusion-box{ color: #ffffff;}.fusion-accordian  #accordion-374-1 .panel-title a .fa-fusion-box:before{ font-size: 13px; width: 13px;}.fusion-accordian  #accordion-374-1 .panel-title a{font-size:14px;}.fusion-accordian  #accordion-374-1 .fa-fusion-box { background-color: #333333;border-color: #333333;}.fusion-accordian  #accordion-374-1 .panel-title a:hover, #accordion-374-1 .fusion-toggle-boxed-mode:hover .panel-title a { color: #2d355b;}.fusion-accordian  #accordion-374-1 .panel-title .active .fa-fusion-box,.fusion-accordian  #accordion-374-1 .panel-title a:hover .fa-fusion-box { background-color: #2d355b!important;border-color: #2d355b!important;}<\/style><div class=\"accordian fusion-accordian\"><div class=\"panel-group\" id=\"accordion-374-1\"><div class=\"fusion-panel panel-default\"><div class=\"panel-heading\"><h4 class=\"panel-title toggle\"><a aria-expanded=\"false\" aria-controls=\"1ffe81cc96b463454\" role=\"button\" data-toggle=\"collapse\" data-parent=\"#accordion-374-1\" data-target=\"#1ffe81cc96b463454\" href=\"#1ffe81cc96b463454\"><span class=\"fusion-toggle-icon-wrapper\" aria-hidden=\"true\"><i class=\"fa-fusion-box\" aria-hidden=\"true\"><\/i><\/span><span class=\"fusion-toggle-heading\">Wir suchen<\/span><\/a><\/h4><\/div><div id=\"1ffe81cc96b463454\" class=\"panel-collapse collapse \"><div class=\"panel-body toggle-content fusion-clearfix\">\n<p>Die <b>IOn GmbH<\/b> ist eine kleine Softwareschmiede in Solingen-Ohligs. Wir entwickeln seit \u00fcber 30 Jahren Software f\u00fcr gro\u00dfe, \u00f6ffentliche Verwaltungen. Unsere Produkte finden ihren Einsatz bei Bundes- und Landesverwaltungen sowie in Verwaltungen von Universit\u00e4ten und Hochschulen. Der Firmensitz liegt drei Gehminuten vom Hauptbahnhof entfernt.<\/p>\n<div>\n<p>Derzeit haben wir keine vakanten Stellen!<\/p>\n<\/div>\n<div class=\"showMoreButtonWrap\"><\/div>\n<\/div><\/div><\/div><div class=\"fusion-panel panel-default\"><div class=\"panel-heading\"><h4 class=\"panel-title toggle\"><a aria-expanded=\"false\" aria-controls=\"3f2e8cf6e3a192b68\" role=\"button\" data-toggle=\"collapse\" data-parent=\"#accordion-374-1\" data-target=\"#3f2e8cf6e3a192b68\" href=\"#3f2e8cf6e3a192b68\"><span class=\"fusion-toggle-icon-wrapper\" aria-hidden=\"true\"><i class=\"fa-fusion-box\" aria-hidden=\"true\"><\/i><\/span><span class=\"fusion-toggle-heading\">Unternehmensziel<\/span><\/a><\/h4><\/div><div id=\"3f2e8cf6e3a192b68\" class=\"panel-collapse collapse \"><div class=\"panel-body toggle-content fusion-clearfix\">\n<p>Wir haben uns als Spezialisten etabliert. Seit \u00fcber 30 Jahren entwickeln wir f\u00fcr \u00f6ffentliche Verwaltungen Software zu den Gesch\u00e4ftsprozessen:<\/p>\n<ul>\n<li style=\"text-align: left;\">Haushaltsplanaufstellung<\/li>\n<li style=\"text-align: left;\">Planung und Controlling von Budgets<\/li>\n<li style=\"text-align: left;\">Personalausgabenhochrechnung.<\/li>\n<\/ul>\n<p class=\"western\">Ein Blick auf unsere Kundenliste aus Bundes-, Landes- und Hochschulverwaltungen zeigt, dass wir diese Arbeit erfolgreich \u00fcber diese vielen Jahre geleistet haben. Wir sind fest entschlossen, dass sich daran auch in Zukunft nichts \u00e4ndern wird.<\/p>\n<p class=\"western\">Es erf\u00fcllt uns mit Freude, wenn wir erleben, dass das Ergebnis unserer Arbeit in den Verwaltungen gesch\u00e4tzt wird und dazu beitr\u00e4gt, dass die zunehmenden Erwartungen an die Informationstechnologie dort erf\u00fcllt werden k\u00f6nnen.<\/p>\n<p class=\"western\">Und es spornt uns an, neue Technologien zu integrieren und neue L\u00f6sungen zu finden, damit unsere Kunden auch in Zukunft den stetig wachsenden Anforderungen gerecht werden k\u00f6nnen.<\/p>\n<p class=\"western\">Unser Unternehmensziel ist es, in unserem Fachgebiet unseren Kunden\u00a0die bestm\u00f6glichen L\u00f6sungen zu bieten, die sich auch in einem komplexeren Umfeld bew\u00e4hren.<\/p>\n<p class=\"western\">Unsere Themen und unser Unternehmen sind auf die Zukunft hin ausgerichtet. Daraus leitet sich unser Wahlspruch ab:<\/p>\n<p class=\"western\"><img decoding=\"async\" class=\"aligncenter wp-image-11908 size-medium\" src=\"https:\/\/web.ion.ag\/wp-content\/uploads\/2016\/08\/eule-neueslogo-300x103.jpg\" alt=\"eule neueslogo\" width=\"300\" height=\"103\" srcset=\"https:\/\/www.ion.ag\/wp-content\/uploads\/2016\/08\/eule-neueslogo-200x69.jpg 200w, https:\/\/www.ion.ag\/wp-content\/uploads\/2016\/08\/eule-neueslogo-300x103.jpg 300w, https:\/\/www.ion.ag\/wp-content\/uploads\/2016\/08\/eule-neueslogo-400x137.jpg 400w, https:\/\/www.ion.ag\/wp-content\/uploads\/2016\/08\/eule-neueslogo-600x206.jpg 600w, https:\/\/www.ion.ag\/wp-content\/uploads\/2016\/08\/eule-neueslogo.jpg 643w\" sizes=\"(max-width: 300px) 100vw, 300px\" \/><\/p>\n<\/div><\/div><\/div><div class=\"fusion-panel panel-default\"><div class=\"panel-heading\"><h4 class=\"panel-title toggle\"><a aria-expanded=\"false\" aria-controls=\"753f53b4a6a9f4ffe\" role=\"button\" data-toggle=\"collapse\" data-parent=\"#accordion-374-1\" data-target=\"#753f53b4a6a9f4ffe\" href=\"#753f53b4a6a9f4ffe\"><span class=\"fusion-toggle-icon-wrapper\" aria-hidden=\"true\"><i class=\"fa-fusion-box\" aria-hidden=\"true\"><\/i><\/span><span class=\"fusion-toggle-heading\">Philosophie<\/span><\/a><\/h4><\/div><div id=\"753f53b4a6a9f4ffe\" class=\"panel-collapse collapse \"><div class=\"panel-body toggle-content fusion-clearfix\">\n<p class=\"western\">Unser Unternehmen lebt von langfristigen, guten Gesch\u00e4ftsbeziehungen zu unseren Kunden. Dies erreichen wir nicht allein durch Kompetenz und hohe Servicebereitschaft sowie durch kaufm\u00e4nnische Solidit\u00e4t und Ehrlichkeit. Unbedingt dazu geh\u00f6ren die Freude an Innovationen und die Gestaltungspotenz, die durch Kreativit\u00e4t, Klugheit und Mut, aber auch Durchhalteverm\u00f6gen und Frustrationstoleranz gepr\u00e4gt wird.<\/p>\n<p class=\"western\">Unsere Kunden d\u00fcrfen neben der Ausrichtung auf optimale Service-Leistungen von uns erwarten, dass wir permanent unsere Produkte vorausschauend weiterentwickeln, neue L\u00f6sungsideen pr\u00fcfen und prospektiv realisieren.<\/p>\n<p class=\"western\">Dabei achten wir darauf, die Risiken dieser Investitionen im Auge zu behalten und vermeiden, uns von Banken abh\u00e4ngig zu machen, damit das Unternehmen langfristig Bestand hat. Denn unsere Kunden sollen sich darauf verlassen k\u00f6nnen, dass sie auch in Zukunft mit uns und unserer Software rechnen k\u00f6nnen.<\/p>\n<p class=\"p1\">\u00dcberzeugende Fachkompetenz kommt nicht von ungef\u00e4hr. Und weil unsere Kunden genau diese an IOn sch\u00e4tzen, tun wir alles, dieses Niveau nicht nur zu halten, sondern weiter zu verbessern. Deshalb bilden wir als anerkannter IHK-Ausbildungsbetrieb seit Jahren unsere Nachwuchskr\u00e4fte selbst aus und stellen \u00fcber spezialisierte Fort- und Weiterbildung f\u00fcr unserer MitarbeiterInnen den zuk\u00fcnftigen Qualifikationsbedarf sicher. Das st\u00e4rkt unsere hohen Standards, verbindet Mitarbeiter dauerhaft mit dem Unternehmen und sorgt f\u00fcr stabile Betreuungsstrukturen.<\/p>\n<p class=\"p1\" style=\"text-align: center;\">Denn unser Motto :<\/p>\n<p class=\"western\"><img decoding=\"async\" class=\"size-medium wp-image-11908 aligncenter\" src=\"https:\/\/web.ion.ag\/wp-content\/uploads\/2016\/08\/eule-neueslogo-300x103.jpg\" alt=\"eule neueslogo\" width=\"300\" height=\"103\" srcset=\"https:\/\/www.ion.ag\/wp-content\/uploads\/2016\/08\/eule-neueslogo-200x69.jpg 200w, https:\/\/www.ion.ag\/wp-content\/uploads\/2016\/08\/eule-neueslogo-300x103.jpg 300w, https:\/\/www.ion.ag\/wp-content\/uploads\/2016\/08\/eule-neueslogo-400x137.jpg 400w, https:\/\/www.ion.ag\/wp-content\/uploads\/2016\/08\/eule-neueslogo-600x206.jpg 600w, https:\/\/www.ion.ag\/wp-content\/uploads\/2016\/08\/eule-neueslogo.jpg 643w\" sizes=\"(max-width: 300px) 100vw, 300px\" \/><\/p>\n<p class=\"western\" style=\"text-align: center;\">ist der IOn GmbH nicht nur Verpflichtung ihren Kunden gegen\u00fcber, sondern auch sich selbst.<\/p>\n<\/div><\/div><\/div><div class=\"fusion-panel panel-default\"><div class=\"panel-heading\"><h4 class=\"panel-title toggle\"><a aria-expanded=\"false\" aria-controls=\"52424fa6147415c8a\" role=\"button\" data-toggle=\"collapse\" data-parent=\"#accordion-374-1\" data-target=\"#52424fa6147415c8a\" href=\"#52424fa6147415c8a\"><span class=\"fusion-toggle-icon-wrapper\" aria-hidden=\"true\"><i class=\"fa-fusion-box\" aria-hidden=\"true\"><\/i><\/span><span class=\"fusion-toggle-heading\">Team<\/span><\/a><\/h4><\/div><div id=\"52424fa6147415c8a\" class=\"panel-collapse collapse \"><div class=\"panel-body toggle-content fusion-clearfix\">\n<p class=\"western\"><strong>klein \u2013 aber fein<\/strong><\/p>\n<p class=\"western\">Wir wollen hier kein Loblied \u00fcber uns singen. Wir lassen lieber unsere Produkte und unsere Kunden \u00fcber die Qualit\u00e4t unserer Arbeit sprechen und \u00fcber das, was unsere ausgew\u00e4hlte Schar an Spezialisten bisher vollbracht hat und stark motiviert ist, dies weiterhin zu tun.<\/p>\n<\/div><\/div><\/div><div class=\"fusion-panel panel-default\"><div class=\"panel-heading\"><h4 class=\"panel-title toggle\"><a aria-expanded=\"false\" aria-controls=\"963198e091b42917b\" role=\"button\" data-toggle=\"collapse\" data-parent=\"#accordion-374-1\" data-target=\"#963198e091b42917b\" href=\"#963198e091b42917b\"><span class=\"fusion-toggle-icon-wrapper\" aria-hidden=\"true\"><i class=\"fa-fusion-box\" aria-hidden=\"true\"><\/i><\/span><span class=\"fusion-toggle-heading\">CSR<\/span><\/a><\/h4><\/div><div id=\"963198e091b42917b\" class=\"panel-collapse collapse \"><div class=\"panel-body toggle-content fusion-clearfix\">\n<p class=\"western\">Wir nehmen unsere Verantwortung gegen\u00fcber der Gesellschaft und unserer Umwelt bewusst wahr. Daher achten wir auf soziale und \u00f6kologisch relevante Aspekte bei unserem Handeln.<\/p>\n<h3 class=\"western\">Strom aus regenerativen Quellen<\/h3>\n<p class=\"western\">Wir beziehen \u00d6kostrom von Green Planet Energy und tragen damit aktiv zur Vermeidung von CO<span style=\"font-size: xx-small;\">2 <\/span>und Atomm\u00fcll bei.<\/p>\n<p class=\"western\"><img decoding=\"async\" class=\"wp-image-12840 alignnone\" src=\"https:\/\/web.ion.ag\/wp-content\/uploads\/2021\/11\/GPE_Logo_GK_Oekostrom.png\" alt=\"\" width=\"185\" height=\"117\" srcset=\"https:\/\/www.ion.ag\/wp-content\/uploads\/2021\/11\/GPE_Logo_GK_Oekostrom-200x126.png 200w, https:\/\/www.ion.ag\/wp-content\/uploads\/2021\/11\/GPE_Logo_GK_Oekostrom-300x189.png 300w, https:\/\/www.ion.ag\/wp-content\/uploads\/2021\/11\/GPE_Logo_GK_Oekostrom-320x202.png 320w, https:\/\/www.ion.ag\/wp-content\/uploads\/2021\/11\/GPE_Logo_GK_Oekostrom-400x252.png 400w, https:\/\/www.ion.ag\/wp-content\/uploads\/2021\/11\/GPE_Logo_GK_Oekostrom-600x379.png 600w, https:\/\/www.ion.ag\/wp-content\/uploads\/2021\/11\/GPE_Logo_GK_Oekostrom.png 683w\" sizes=\"(max-width: 185px) 100vw, 185px\" \/><\/p>\n<h3 class=\"western\">\u00d6kofaire B\u00fcroartikel<\/h3>\n<p class=\"western\">Alle unsere B\u00fcroartikel beziehen wir von der memo AG, die sich in ihrem Gesch\u00e4ftsbereich stark auf \u00f6kologisch und fair hergestellte Produkte fokussiert hat.<\/p>\n<h3 class=\"western\">\u00d6kofaire Getr\u00e4nke<\/h3>\n<p class=\"western\">Bei den kostenlos bereitgestellten Getr\u00e4nken wie Kaffee und Tee kaufen wir Produkte, die zertifiziert \u00f6kologisch und fair hergestellt werden.<\/p>\n<h3 class=\"western\">Bahn statt Auto<\/h3>\n<p class=\"western\">Gesch\u00e4ftsreisen werden haupts\u00e4chlich mit der Bahn get\u00e4tigt.<\/p>\n<h3 class=\"western\">Standort mit sehr guter \u00d6PNV-Erreichbarkeit<\/h3>\n<p class=\"western\">Wir haben unseren Standort so gew\u00e4hlt, dass er auch ohne Auto bestm\u00f6glich erreichbar ist. Er ist 3 Minuten Fu\u00dfweg vom Hauptbahnhof und Busbahnhof entfernt.<\/p>\n<h3 class=\"western\">J\u00e4hrliche Spende<\/h3>\n<p class=\"western\">Wir unterst\u00fctzen jedes Jahr eine oder mehrere gemeinn\u00fctzige Einrichtungen mit einer Geldspende.<\/p>\n<\/div><\/div><\/div><div class=\"fusion-panel panel-default\"><div class=\"panel-heading\"><h4 class=\"panel-title toggle\"><a aria-expanded=\"false\" aria-controls=\"65020beab6616cc11\" role=\"button\" data-toggle=\"collapse\" data-parent=\"#accordion-374-1\" data-target=\"#65020beab6616cc11\" href=\"#65020beab6616cc11\"><span class=\"fusion-toggle-icon-wrapper\" aria-hidden=\"true\"><i class=\"fa-fusion-box\" aria-hidden=\"true\"><\/i><\/span><span class=\"fusion-toggle-heading\">Partner und Netzwerk<\/span><\/a><\/h4><\/div><div id=\"65020beab6616cc11\" class=\"panel-collapse collapse \"><div class=\"panel-body toggle-content fusion-clearfix\">\n<div class=\"fusion-flip-boxes flip-boxes row fusion-columns-2 flip-effect-classic\">\n<div class=\"fusion-flip-box-wrapper fusion-column col-lg-6 col-md-6 col-sm-6\"><div class=\"fusion-flip-box flip-right\" tabindex=\"0\"><div class=\"flip-box-inner-wrapper\"><div class=\"flip-box-front\" style=\"background-color:#f6f6f6;border-color:#9aadbf;border-radius:20px;border-style:solid;border-width:1px;color:#747474;transition-duration:0.4s;\"><div class=\"flip-box-front-inner\"><div class=\"flip-box-grafix flip-box-image\"><img decoding=\"async\" src=\"https:\/\/web.ion.ag\/wp-content\/uploads\/2016\/08\/vaadin.gif.png\" width=\"200\" height=\"200\" alt=\"\" \/><\/div><\/div><\/div><div class=\"flip-box-back\" style=\"background-color:#9aadbf;border-color:#9aadbf;border-radius:20px;border-style:solid;border-width:1px;color:#ffffff;transition-duration:0.4s;\"><div class=\"flip-box-back-inner\">Vaadin Ltd bietet seit vielen Jahren das gleichnamige UI Framework zur effizienten und schnellen Umsetzung leistungsf\u00e4higer und komplexer Webanwendungen an, mit besonderem Fokus auf den Unternehmens- und Back Office Bereich.<\/div><\/div><\/div><\/div><\/div>\n<div class=\"fusion-flip-box-wrapper fusion-column col-lg-6 col-md-6 col-sm-6\"><div class=\"fusion-flip-box flip-right\" tabindex=\"0\"><div class=\"flip-box-inner-wrapper\"><div class=\"flip-box-front\" style=\"background-color:#f6f6f6;border-color:#9aadbf;border-radius:20px;border-style:solid;border-width:1px;color:#747474;transition-duration:0.4s;\"><div class=\"flip-box-front-inner\"><div class=\"flip-box-grafix flip-box-image\"><img decoding=\"async\" src=\"https:\/\/web.ion.ag\/wp-content\/uploads\/2016\/08\/logo_scai-300x132.png\" width=\"200\" height=\"200\" alt=\"\" \/><\/div><\/div><\/div><div class=\"flip-box-back\" style=\"background-color:#9aadbf;border-color:#9aadbf;border-radius:20px;border-style:solid;border-width:1px;color:#ffffff;transition-duration:0.4s;\"><div class=\"flip-box-back-inner\">Die IOn GmbH und die SCAI GmbH bieten in partnerschaftlicher Kooperation ein umfangreiches Produkt- und Dienstleistungsportfolio. Die B\u00fcndelung von Know-how bei gr\u00f6\u00dferen Projekten schafft Synergieeffekte f\u00fcr einen umfassenderen, kompetenten Kundenservice.<\/div><\/div><\/div><\/div><\/div>\n<div class=\"fusion-flip-box-wrapper fusion-column col-lg-6 col-md-6 col-sm-6\"><div class=\"fusion-flip-box flip-right\" tabindex=\"0\"><div class=\"flip-box-inner-wrapper\"><div class=\"flip-box-front\" style=\"background-color:#f6f6f6;border-color:#9aadbf;border-radius:20px;border-style:solid;border-width:1px;color:#747474;transition-duration:0.4s;\"><div class=\"flip-box-front-inner\"><div class=\"flip-box-grafix flip-box-image\"><img decoding=\"async\" src=\"https:\/\/web.ion.ag\/wp-content\/uploads\/2016\/08\/suse.gif\" width=\"70\" height=\"70\" alt=\"\" \/><\/div><\/div><\/div><div class=\"flip-box-back\" style=\"background-color:#9aadbf;border-color:#9aadbf;border-radius:20px;border-style:solid;border-width:1px;color:#ffffff;transition-duration:0.4s;\"><div class=\"flip-box-back-inner\">SuSE Linux AG ist einer der weltweit f\u00fchrenden Anbieter von Komplettl\u00f6sungen auf Basis des Open-Source-Betriebssystems Linux. Die IOn GmbH unterst\u00fctzt ihre Kunden beim Aufbau und beim Betrieb ihrer Linux-Infrastruktur.<\/div><\/div><\/div><\/div><\/div>\n<div class=\"fusion-flip-box-wrapper fusion-column col-lg-6 col-md-6 col-sm-6\"><div class=\"fusion-flip-box flip-right\" tabindex=\"0\"><div class=\"flip-box-inner-wrapper\"><div class=\"flip-box-front\" style=\"background-color:#f6f6f6;border-color:#9aadbf;border-radius:20px;border-style:solid;border-width:1px;color:#747474;transition-duration:0.4s;\"><div class=\"flip-box-front-inner\"><div class=\"flip-box-grafix flip-box-image\"><img decoding=\"async\" src=\"https:\/\/web.ion.ag\/wp-content\/uploads\/2016\/08\/oracle_de.gif\" width=\"200\" height=\"200\" alt=\"\" \/><\/div><\/div><\/div><div class=\"flip-box-back\" style=\"background-color:#9aadbf;border-color:#9aadbf;border-radius:20px;border-style:solid;border-width:1px;color:#ffffff;transition-duration:0.4s;\"><div class=\"flip-box-back-inner\">Zusammen bieten Oracle und seine 21.000 Partner den Kunden weltweit branchenf\u00fchrende L\u00f6sungen und Services f\u00fcr die Unternehmensanforderungen der Gegenwart und Zukunft an.<\/div><\/div><\/div><\/div><\/div>\n<\/div><div class=\"clearfix\"><\/div>\n<\/div><\/div><\/div><\/div><\/div><span class=\" fusion-imageframe imageframe-none imageframe-1 hover-type-none\"><\/span><div class=\"fusion-clearfix\"><\/div><\/div><\/div><\/div><\/div><\/p>\n","protected":false},"excerpt":{"rendered":"","protected":false},"author":3,"featured_media":0,"parent":0,"menu_order":0,"comment_status":"closed","ping_status":"closed","template":"100-width.php","meta":{"footnotes":""},"class_list":["post-374","page","type-page","status-publish","hentry"],"_links":{"self":[{"href":"https:\/\/www.ion.ag\/index.php?rest_route=\/wp\/v2\/pages\/374","targetHints":{"allow":["GET"]}}],"collection":[{"href":"https:\/\/www.ion.ag\/index.php?rest_route=\/wp\/v2\/pages"}],"about":[{"href":"https:\/\/www.ion.ag\/index.php?rest_route=\/wp\/v2\/types\/page"}],"author":[{"embeddable":true,"href":"https:\/\/www.ion.ag\/index.php?rest_route=\/wp\/v2\/users\/3"}],"replies":[{"embeddable":true,"href":"https:\/\/www.ion.ag\/index.php?rest_route=%2Fwp%2Fv2%2Fcomments&post=374"}],"version-history":[{"count":217,"href":"https:\/\/www.ion.ag\/index.php?rest_route=\/wp\/v2\/pages\/374\/revisions"}],"predecessor-version":[{"id":13019,"href":"https:\/\/www.ion.ag\/index.php?rest_route=\/wp\/v2\/pages\/374\/revisions\/13019"}],"wp:attachment":[{"href":"https:\/\/www.ion.ag\/index.php?rest_route=%2Fwp%2Fv2%2Fmedia&parent=374"}],"curies":[{"name":"wp","href":"https:\/\/api.w.org\/{rel}","templated":true}]}}